{"id":17244,"date":"2025-07-11T15:43:06","date_gmt":"2025-07-11T12:43:06","guid":{"rendered":"https:\/\/ideaderma.com\/multi-action-super-serum-30-ml\/"},"modified":"2025-12-02T17:30:15","modified_gmt":"2025-12-02T14:30:15","slug":"multi-action-super-serum-30-ml","status":"publish","type":"product","link":"https:\/\/ideaderma.com\/en\/multi-action-super-serum-30-ml\/","title":{"rendered":"Multi Action Super Serum 30 ml"},"content":{"rendered":"<style>\n  .col-eight {\n    flex: 0 0 20%;\n    max-width: 20%;\n    padding-left: 10px;\n    padding-right: 15px;\n  }<\/p>\n<p>  \/* 768px ve \u00fczeri: %12 *\/\n  @media (min-width: 768px) {\n    .col-eight {\n      flex-basis: 12%;\n      max-width: 12%;\n      padding-left: 10px;\n      padding-right: 15px;\n    }<\/p>\n<p>    .bg-yellow-title {\n      min-height: 40px;\n    }\n  }<\/p>\n<p>  .bg-yellow-title {\n    background: url(\"https:\/\/ideaderma.com\/wp-content\/uploads\/2025\/09\/yellow-title.png\") no-repeat center \/ contain;\n    min-height: 50px;\n  }\n<\/style>\n<div class=\"row col-12 p-1 mx-auto border-round align-items-center\" title=\"bg-light\" style=\"background-color: #f4e6f4;\">\n<div class=\"col-12 col-md-6 my-1 my-md-auto order-2 order-md-1\">\n<div class=\"row m-auto justify-content-center text-center \">\n<div class=\"col-12\">\n<h2 class=\"fw-bold fs-1\">\u0130dea Derma<\/h2>\n<\/p><\/div>\n<div class=\"col-12 px-1\">\n<h2 class=\"fw-bold fs-2\" style=\"color: #442764;\">Multi Action <br \/>Super Serum <\/h2>\n<\/p><\/div>\n<div class=\"col-12 px-1\">\n<p class=\"fs-5 px-2 px-md-4\">Gen\u00e7 G\u00f6r\u00fcn\u00fcm\u00fcn S\u0131rr\u0131: <br \/> Multi Action Etkisi! <\/p>\n<\/p><\/div>\n<div class=\"row col-12 px-1 px-md-2 justify-content-center align-items-center mt-md-1\">\n<div class=\"col-eight\">\n          <img decoding=\"async\" src=\"https:\/\/ideaderma.com\/wp-content\/uploads\/2025\/09\/peptide.png\" alt=\"\" class=\"my-1\" \/>\n        <\/div>\n<div class=\"col-eight\">\n          <img decoding=\"async\" src=\"https:\/\/ideaderma.com\/wp-content\/uploads\/2025\/09\/aminoasit.png\" alt=\"\" class=\"my-1\" \/>\n        <\/div>\n<div class=\"col-eight\">\n          <img decoding=\"async\" src=\"https:\/\/ideaderma.com\/wp-content\/uploads\/2025\/09\/niacinamide.png\" alt=\"\" class=\"my-1\" \/>\n        <\/div>\n<div class=\"col-eight\">\n          <img decoding=\"async\" src=\"https:\/\/ideaderma.com\/wp-content\/uploads\/2025\/09\/arbutin.png\" alt=\"\" class=\"my-1\" \/>\n        <\/div>\n<div class=\"col-eight\">\n          <img decoding=\"async\" src=\"https:\/\/ideaderma.com\/wp-content\/uploads\/2025\/09\/tranexamic-acid.png\" alt=\"\" class=\"my-1\" \/>\n        <\/div>\n<div class=\"col-eight\">\n          <img decoding=\"async\" src=\"https:\/\/ideaderma.com\/wp-content\/uploads\/2025\/09\/hyaluronik-asit.png\" alt=\"\" class=\"my-1\" \/>\n        <\/div>\n<div class=\"col-eight\">\n          <img decoding=\"async\" src=\"https:\/\/ideaderma.com\/wp-content\/uploads\/2025\/09\/provitamin-b5.png\" alt=\"\" class=\"my-1\" \/>\n        <\/div>\n<div class=\"col-eight\">\n          <img decoding=\"async\" src=\"https:\/\/ideaderma.com\/wp-content\/uploads\/2025\/09\/shea-butter.png\" alt=\"\" class=\"my-1\" \/>\n        <\/div>\n<\/p><\/div>\n<\/p><\/div>\n<\/p><\/div>\n<div class=\"col-12 col-md-6 my-1 my-md-auto text-center order-1 order-md-2\">\n    <img decoding=\"async\" src=\"https:\/\/ideaderma.com\/wp-content\/uploads\/2025\/10\/8684215390983-img-top.png\" class=\"my-1\" \/>\n  <\/div>\n<\/div>\n<div class=\"row text-center justify-content-center mx-auto my-2 pt-1 pt-md-2 border-rounded bg-cover bg-center\" style=\"background: url('https:\/\/ideaderma.com\/wp-content\/uploads\/2025\/09\/8684215391027-img-purple-bg.png'); background-repeat: no-repeat; background-size: cover;\">\n<div class=\"row col-12 text-center my-2 align-items-center\">\n<div class=\"col-12 col-md-6 m-auto\">\n<h2 class=\"fw-bold fs-1 text-white my-1 my-md-0\" title=\"text-white\">\u0130dea Derma<\/h2>\n<div class=\"mx-auto d-flex justify-content-center align-items-center bg-yellow-title\">\n<h2 class=\"m-0 fw-bold fs-4\" style=\"transform: rotate(-2deg);\">Cildiniz \u0130\u00e7in Yenilik\u00e7i \u00c7\u00f6z\u00fcmler<\/h2>\n<\/p><\/div>\n<div class=\"row col-12 my-2 mx-auto justify-content-center justify-content-md-evenly \">\n<p class=\"fs-5 text-left text-white\" title=\"text-white\"> Peptitler, aminoasitler, shea ya\u011f\u0131 ve prebiyotiklerle ya\u015flanma belirtilerine kar\u015f\u0131 \u00e7ok y\u00f6nl\u00fc bak\u0131m! <br \/> Cilt bak\u0131m\u0131nda yeni nesil etki: \u0130dea Derma Multi Action Super Serum, g\u00fc\u00e7l\u00fc niacinamide, peptit, aminoasit ve prebiyotik kompleksiyle cildin \u00e7ok y\u00f6nl\u00fc ihtiya\u00e7lar\u0131n\u0131 hedefler. Y\u00fcksek oranda niacinamide i\u00e7eri\u011fiyle cilt tonunu e\u015fitlemeye, geni\u015flemi\u015f g\u00f6zeneklerin g\u00f6r\u00fcn\u00fcm\u00fcn\u00fc azaltmaya ve daha ayd\u0131nl\u0131k bir g\u00f6r\u00fcn\u00fcm kazand\u0131rmaya yard\u0131mc\u0131 olur. Cilt floras\u0131n\u0131 destekleyerek bariyer fonksiyonlar\u0131n\u0131 g\u00fc\u00e7lendirir ve \u00e7evresel etkenlere kar\u015f\u0131 g\u00fc\u00e7l\u00fc bir koruma sa\u011flar. Hafif ve kremsi dokusu, ciltte ya\u011fl\u0131 veya yap\u0131\u015fkan his b\u0131rakmadan h\u0131zla emilir, cilde ipeksi bir yumu\u015fakl\u0131k ve \u0131\u015f\u0131lt\u0131 kazand\u0131r\u0131r. <\/p>\n<\/p><\/div>\n<\/p><\/div>\n<div class=\"col-12 col-md-6 m-auto\">\n      <img decoding=\"async\" src=\"https:\/\/ideaderma.com\/wp-content\/uploads\/2025\/12\/8684215391027-img-mid-right-new.png\" class=\"w-75\" \/>\n    <\/div>\n<\/p><\/div>\n<\/div>\n<div class=\"row col-12 p-1 mx-auto my-2 border-round bg-light align-items-center\" title=\"bg-light\">\n<div class=\"col-12 col-md-6 text-center my-auto\">\n    <img decoding=\"async\" src=\"https:\/\/ideaderma.com\/wp-content\/uploads\/2025\/10\/8684215390983-img-bot.png\" alt=\"\" class=\"my-1\" \/>\n  <\/div>\n<div class=\"col-12 col-md-6 my-1 my-md-auto\">\n<div class=\"col-12 my-2 px-0 px-md-1\">\n<h2 class=\"fs-4\">\u00c7ok Y\u00f6nl\u00fc Bak\u0131m<\/h2>\n<p class=\"fs-5\"> Cildin birden fazla ihtiyac\u0131na tek ad\u0131mda \u00e7\u00f6z\u00fcm sunar. Peptitler ve aminoasitlerle ya\u015flanma belirtilerine kar\u015f\u0131 bak\u0131m yaparken, niacinamide ile cilt tonunu e\u015fitler ve g\u00f6zenek g\u00f6r\u00fcn\u00fcm\u00fcn\u00fc azalt\u0131r. <\/p>\n<\/p><\/div>\n<div class=\"col-12 my-2 px-0 px-md-1\">\n<h2 class=\"fs-4\">Ayd\u0131nlat\u0131c\u0131 Etki<\/h2>\n<p class=\"fs-5\"> Niacinamide i\u00e7eri\u011fiyle cilt tonunu e\u015fitler, renk e\u015fitsizliklerini azalt\u0131r ve leke g\u00f6r\u00fcn\u00fcm\u00fcn\u00fc hafifletmeye yard\u0131mc\u0131 olur. Cilde ayd\u0131nl\u0131k, parlak ve e\u015fit bir g\u00f6r\u00fcn\u00fcm kazand\u0131r\u0131r. <\/p>\n<\/p><\/div>\n<div class=\"col-12 my-2 px-0 px-md-1\">\n<h2 class=\"fs-4\">Bariyer G\u00fc\u00e7lendirici<\/h2>\n<p class=\"fs-5\"> Form\u00fcl\u00fcndeki Prebiyotik ve Sodium PCA ile cildin do\u011fal koruyucu bariyerini g\u00fc\u00e7lendirir. D\u0131\u015f etkenlere kar\u015f\u0131 savunmay\u0131 art\u0131r\u0131rken, cildin nem dengesini korur. Daha dayan\u0131kl\u0131, esnek ve parlak bir cilt g\u00f6r\u00fcn\u00fcm\u00fc elde edilmesine yard\u0131mc\u0131 olur. <\/p>\n<\/p><\/div>\n<\/p><\/div>\n<\/div>\n<div class=\"row col-12 justify-content-center align-items-center mx-auto p-1 border-round bg-light\" title=\"bg-light\">\n<div class=\"col-12 col-md-4 text-center\">\n    <a href=\"https:\/\/ideaderma.com\/en\/advanced-series-silky-niacinamide-serum-30-ml\/\"><br \/>\n      <img decoding=\"async\" src=\"https:\/\/ideaderma.com\/wp-content\/uploads\/2025\/10\/8684215390983-img-1.png\" \/><br \/>\n    <\/a>\n  <\/div>\n<div class=\"col-12 col-md-4 text-center\">\n    <a href=\"https:\/\/ideaderma.com\/en\/night-renewal-hydrating-essence-100-ml\/\"><br \/>\n      <img decoding=\"async\" src=\"https:\/\/ideaderma.com\/wp-content\/uploads\/2025\/10\/8684215390983-img-2.png\" \/><br \/>\n    <\/a>\n  <\/div>\n<div class=\"col-12 col-md-4 text-center\">\n    <a href=\"https:\/\/ideaderma.com\/en\/all-in-one-intensive-moisturizing-cream-50-ml\/\"><br \/>\n      <img decoding=\"async\" src=\"https:\/\/ideaderma.com\/wp-content\/uploads\/2025\/10\/8684215390983-img-3.png\" \/><br \/>\n    <\/a>\n  <\/div>\n<\/div>\n","protected":false},"excerpt":{"rendered":"<article class=\"text-token-text-primary w-full focus:outline-none scroll-mt-[calc(var(--header-height)+min(200px,max(70px,20svh)))]\" dir=\"auto\" data-testid=\"conversation-turn-12\" data-scroll-anchor=\"true\" data-turn=\"assistant\">\n<div class=\"text-base my-auto mx-auto pb-10 [--thread-content-margin:--spacing(4)] @[37rem]:[--thread-content-margin:--spacing(6)] @[72rem]:[--thread-content-margin:--spacing(16)] px-(--thread-content-margin)\">\n<div class=\"[--thread-content-max-width:32rem] @[34rem]:[--thread-content-max-width:40rem] @[64rem]:[--thread-content-max-width:48rem] mx-auto max-w-(--thread-content-max-width) flex-1 group\/turn-messages focus-visible:outline-hidden relative flex w-full min-w-0 flex-col agent-turn\">\n<div class=\"flex max-w-full flex-col grow\">\n<div class=\"min-h-8 text-message relative flex w-full flex-col items-end gap-2 text-start break-words whitespace-normal [.text-message+&amp;]:mt-5\" dir=\"auto\" data-message-author-role=\"assistant\" data-message-id=\"92ad562a-bc6c-46f4-ad78-a07f3643958d\" data-message-model-slug=\"gpt-4o-mini\">\n<div class=\"flex w-full flex-col gap-1 empty:hidden first:pt-[3px]\">\n<div class=\"markdown prose dark:prose-invert w-full break-words light\">\n<p data-start=\"0\" data-end=\"161\" data-is-last-node=\"\" data-is-only-node=\"\">Multi-Action Super Serum provides care against signs of aging with peptides, amino acids, shea butter, and prebiotics; evens skin tone and delivers hydration.<\/p>\n<\/div>\n<\/div>\n<\/div>\n<\/div>\n<\/div>\n<\/div>\n<\/article>\n","protected":false},"featured_media":17880,"comment_status":"closed","ping_status":"closed","template":"","meta":[],"product_brand":[],"product_cat":[173,123],"product_tag":[191],"class_list":{"0":"post-17244","1":"product","2":"type-product","3":"status-publish","4":"has-post-thumbnail","6":"product_cat-facial-serums","7":"product_cat-skincare","8":"product_tag-anti-age-en","9":"pa_cilt-tipi-all-skin-types","10":"pa_ek-ozellik-dermocosmetic","11":"pa_form-serum-en","12":"pa_hacim-30-ml-en","13":"pa_kullanma-amaci-anti-aging","14":"pa_tip-bottle","16":"first","17":"instock","18":"virtual","19":"product-type-simple"},"_links":{"self":[{"href":"https:\/\/ideaderma.com\/en\/wp-json\/wp\/v2\/product\/17244","targetHints":{"allow":["GET"]}}],"collection":[{"href":"https:\/\/ideaderma.com\/en\/wp-json\/wp\/v2\/product"}],"about":[{"href":"https:\/\/ideaderma.com\/en\/wp-json\/wp\/v2\/types\/product"}],"replies":[{"embeddable":true,"href":"https:\/\/ideaderma.com\/en\/wp-json\/wp\/v2\/comments?post=17244"}],"version-history":[{"count":4,"href":"https:\/\/ideaderma.com\/en\/wp-json\/wp\/v2\/product\/17244\/revisions"}],"predecessor-version":[{"id":18946,"href":"https:\/\/ideaderma.com\/en\/wp-json\/wp\/v2\/product\/17244\/revisions\/18946"}],"wp:featuredmedia":[{"embeddable":true,"href":"https:\/\/ideaderma.com\/en\/wp-json\/wp\/v2\/media\/17880"}],"wp:attachment":[{"href":"https:\/\/ideaderma.com\/en\/wp-json\/wp\/v2\/media?parent=17244"}],"wp:term":[{"taxonomy":"product_brand","embeddable":true,"href":"https:\/\/ideaderma.com\/en\/wp-json\/wp\/v2\/product_brand?post=17244"},{"taxonomy":"product_cat","embeddable":true,"href":"https:\/\/ideaderma.com\/en\/wp-json\/wp\/v2\/product_cat?post=17244"},{"taxonomy":"product_tag","embeddable":true,"href":"https:\/\/ideaderma.com\/en\/wp-json\/wp\/v2\/product_tag?post=17244"}],"curies":[{"name":"wp","href":"https:\/\/api.w.org\/{rel}","templated":true}]}}